{"id":2,"date":"2011-01-07T13:36:44","date_gmt":"2011-01-07T13:36:44","guid":{"rendered":"http:\/\/www.restaurateur-papier.com\/restauration-arts-graphiques\/?page_id=2"},"modified":"2026-02-03T16:17:46","modified_gmt":"2026-02-03T16:17:46","slug":"a-propos","status":"publish","type":"page","link":"https:\/\/www.restaurateur-papier.com\/restauration-arts-graphiques\/","title":{"rendered":"Bienvenue"},"content":{"rendered":"<p>Sp\u00e9cialis\u00e9 dans la restauration d\u2019arts graphiques, l\u2019Atelier Papier d\u2019Antan met son savoir-faire au service de la pr\u00e9servation du patrimoine \u00e9crit.<br data-start=\"297\" data-end=\"300\" \/><strong>Diplom\u00e9e de l\u2019Universit\u00e9 Paris 1 Panth\u00e9on-Sorbonne<\/strong> et forte d\u2019une exp\u00e9rience reconnue, Marion Herbaux est <strong data-start=\"385\" data-end=\"414\">habilit\u00e9e Mus\u00e9e de France<\/strong>, ce qui me permet d\u2019intervenir sur des collections publiques comme priv\u00e9es, dans le respect des normes \u00e9thiques et d\u00e9ontologiques de la profession.<\/p>\n<p>La\u00a0 restauration d\u2019arts graphiques englobe une grande vari\u00e9t\u00e9 d\u2019\u0153uvres d\u2019art. Elle concerne toutes les \u0153uvres et les documents sur support papier.\u00a0La nature du papier, les diff\u00e9rents m\u00e9dia utilis\u00e9s (pierre noire, pastel, crayons, aquarelle, gouache, acrylique, huile&#8230;), l\u2019\u00e9tat de conservation du document, sa destination et son histoire demandent une grande vigilance de la part du restaurateur.<\/p>\n<p style=\"text-align: justify;\">Marion Herbaux intervenient sur des documents manuscrits, des cartes &amp; plans, des affiches, des gravures, des peintures, des livres, des documents en trois dimensions (bo\u00eetes, \u00e9ventails\u2026), des papiers peints, etc. Elle vous propose \u00e9galement la confection d&rsquo;encadrements de conservation et de conditionnements sur mesure.\u00a0<\/p>\n\n\n<div class=\"wp-block-columns is-layout-flex wp-container-core-columns-is-layout-9d6595d7 wp-block-columns-is-layout-flex\">\n<div class=\"wp-block-column is-vertically-aligned-center is-layout-flow wp-block-column-is-layout-flow\">\n<div class=\"wp-block-columns is-layout-flex wp-container-core-columns-is-layout-9d6595d7 wp-block-columns-is-layout-flex\">\n<div class=\"wp-block-column is-layout-flow wp-block-column-is-layout-flow\">\n<figure class=\"wp-block-embed is-type-video is-provider-youtube wp-block-embed-youtube wp-embed-aspect-16-9 wp-has-aspect-ratio\"><div class=\"wp-block-embed__wrapper\">\n<span class=\"embed-youtube\" style=\"text-align:center; display: block;\"><iframe loading=\"lazy\" class=\"youtube-player\" width=\"759\" height=\"427\" src=\"https:\/\/www.youtube.com\/embed\/ZV674t_ca2c?version=3&#038;rel=1&#038;showsearch=0&#038;showinfo=1&#038;iv_load_policy=1&#038;fs=1&#038;hl=fr-FR&#038;autohide=2&#038;wmode=transparent\" allowfullscreen=\"true\" style=\"border:0;\" sandbox=\"allow-scripts allow-same-origin allow-popups allow-presentation allow-popups-to-escape-sandbox\"><\/iframe><\/span>\n<\/div><\/figure>\n<\/div>\n<\/div>\n<\/div>\n\n\n\n<div class=\"wp-block-column is-vertically-aligned-center is-layout-flow wp-block-column-is-layout-flow\">\n<figure class=\"wp-block-embed is-type-video is-provider-youtube wp-block-embed-youtube wp-embed-aspect-16-9 wp-has-aspect-ratio\"><div class=\"wp-block-embed__wrapper\">\n<span class=\"embed-youtube\" style=\"text-align:center; display: block;\"><iframe loading=\"lazy\" class=\"youtube-player\" width=\"759\" height=\"427\" src=\"https:\/\/www.youtube.com\/embed\/-FFcnc0Zs5E?version=3&#038;rel=1&#038;showsearch=0&#038;showinfo=1&#038;iv_load_policy=1&#038;fs=1&#038;hl=fr-FR&#038;autohide=2&#038;wmode=transparent\" allowfullscreen=\"true\" style=\"border:0;\" sandbox=\"allow-scripts allow-same-origin allow-popups allow-presentation allow-popups-to-escape-sandbox\"><\/iframe><\/span>\n<\/div><\/figure>\n<\/div>\n<\/div>\n\n\n\n<p><\/p>\n","protected":false},"excerpt":{"rendered":"<p>Sp\u00e9cialis\u00e9 dans la restauration d\u2019arts graphiques, l\u2019Atelier Papier d\u2019Antan met son savoir-faire au service de la pr\u00e9servation du patrimoine \u00e9crit.Diplom\u00e9e de l\u2019Universit\u00e9 Paris 1 Panth\u00e9on-Sorbonne et forte d\u2019une exp\u00e9rience reconnue, Marion Herbaux est habilit\u00e9e Mus\u00e9e de France, ce qui me permet d\u2019intervenir sur des collections publiques comme priv\u00e9es, dans le &hellip;<\/p>\n","protected":false},"author":1,"featured_media":1107,"parent":0,"menu_order":1,"comment_status":"closed","ping_status":"closed","template":"","meta":{"footnotes":""},"class_list":["post-2","page","type-page","status-publish","has-post-thumbnail","hentry"],"yoast_head":"<!-- This site is optimized with the Yoast SEO plugin v27.2 - https:\/\/yoast.com\/product\/yoast-seo-wordpress\/ -->\n<title>Bienvenue - Papier d&#039;antan - Atelier de restauration d&#039;arts graphiques<\/title>\n<meta name=\"description\" content=\"Atelier Papier d&#039;Antan \u00e0 Cysoing, cr\u00e9\u00e9 par Marion Herbaux est sp\u00e9cialis\u00e9 dans la restauration du patrimoine graphique : dessins, affiches, gravures.\" \/>\n<meta name=\"robots\" content=\"index, follow, max-snippet:-1, max-image-preview:large, max-video-preview:-1\" \/>\n<link rel=\"canonical\" href=\"https:\/\/www.restaurateur-papier.com\/restauration-arts-graphiques\/\" \/>\n<meta property=\"og:locale\" content=\"fr_FR\" \/>\n<meta property=\"og:type\" content=\"article\" \/>\n<meta property=\"og:title\" content=\"Bienvenue - Papier d&#039;antan - Atelier de restauration d&#039;arts graphiques\" \/>\n<meta property=\"og:description\" content=\"Atelier Papier d&#039;Antan \u00e0 Cysoing, cr\u00e9\u00e9 par Marion Herbaux est sp\u00e9cialis\u00e9 dans la restauration du patrimoine graphique : dessins, affiches, gravures.\" \/>\n<meta property=\"og:url\" content=\"https:\/\/www.restaurateur-papier.com\/restauration-arts-graphiques\/\" \/>\n<meta property=\"og:site_name\" content=\"Papier d&#039;antan - Atelier de restauration d&#039;arts graphiques\" \/>\n<meta property=\"article:modified_time\" content=\"2026-02-03T16:17:46+00:00\" \/>\n<meta property=\"og:image\" content=\"https:\/\/www.restaurateur-papier.com\/restauration-arts-graphiques\/wp-content\/uploads\/2024\/12\/cropped-cropped-Papier-dAntan-02-decembre-2024-5J3A9930-1.jpg\" \/>\n\t<meta property=\"og:image:width\" content=\"1260\" \/>\n\t<meta property=\"og:image:height\" content=\"575\" \/>\n\t<meta property=\"og:image:type\" content=\"image\/jpeg\" \/>\n<meta name=\"twitter:card\" content=\"summary_large_image\" \/>\n<meta name=\"twitter:label1\" content=\"Dur\u00e9e de lecture estim\u00e9e\" \/>\n\t<meta name=\"twitter:data1\" content=\"1 minute\" \/>\n<script type=\"application\/ld+json\" class=\"yoast-schema-graph\">{\"@context\":\"https:\/\/schema.org\",\"@graph\":[{\"@type\":\"WebPage\",\"@id\":\"https:\/\/www.restaurateur-papier.com\/restauration-arts-graphiques\/\",\"url\":\"https:\/\/www.restaurateur-papier.com\/restauration-arts-graphiques\/\",\"name\":\"Bienvenue - Papier d&#039;antan - Atelier de restauration d&#039;arts graphiques\",\"isPartOf\":{\"@id\":\"https:\/\/www.restaurateur-papier.com\/restauration-arts-graphiques\/#website\"},\"primaryImageOfPage\":{\"@id\":\"https:\/\/www.restaurateur-papier.com\/restauration-arts-graphiques\/#primaryimage\"},\"image\":{\"@id\":\"https:\/\/www.restaurateur-papier.com\/restauration-arts-graphiques\/#primaryimage\"},\"thumbnailUrl\":\"https:\/\/i0.wp.com\/www.restaurateur-papier.com\/restauration-arts-graphiques\/wp-content\/uploads\/2026\/02\/PM_07718-scaled.jpg?fit=2560%2C1707&ssl=1\",\"datePublished\":\"2011-01-07T13:36:44+00:00\",\"dateModified\":\"2026-02-03T16:17:46+00:00\",\"description\":\"Atelier Papier d'Antan \u00e0 Cysoing, cr\u00e9\u00e9 par Marion Herbaux est sp\u00e9cialis\u00e9 dans la restauration du patrimoine graphique : dessins, affiches, gravures.\",\"breadcrumb\":{\"@id\":\"https:\/\/www.restaurateur-papier.com\/restauration-arts-graphiques\/#breadcrumb\"},\"inLanguage\":\"fr-FR\",\"potentialAction\":[{\"@type\":\"ReadAction\",\"target\":[\"https:\/\/www.restaurateur-papier.com\/restauration-arts-graphiques\/\"]}]},{\"@type\":\"ImageObject\",\"inLanguage\":\"fr-FR\",\"@id\":\"https:\/\/www.restaurateur-papier.com\/restauration-arts-graphiques\/#primaryimage\",\"url\":\"https:\/\/i0.wp.com\/www.restaurateur-papier.com\/restauration-arts-graphiques\/wp-content\/uploads\/2026\/02\/PM_07718-scaled.jpg?fit=2560%2C1707&ssl=1\",\"contentUrl\":\"https:\/\/i0.wp.com\/www.restaurateur-papier.com\/restauration-arts-graphiques\/wp-content\/uploads\/2026\/02\/PM_07718-scaled.jpg?fit=2560%2C1707&ssl=1\",\"width\":2560,\"height\":1707},{\"@type\":\"BreadcrumbList\",\"@id\":\"https:\/\/www.restaurateur-papier.com\/restauration-arts-graphiques\/#breadcrumb\",\"itemListElement\":[{\"@type\":\"ListItem\",\"position\":1,\"name\":\"Accueil\",\"item\":\"https:\/\/www.restaurateur-papier.com\/restauration-arts-graphiques\/\"},{\"@type\":\"ListItem\",\"position\":2,\"name\":\"Bienvenue\"}]},{\"@type\":\"WebSite\",\"@id\":\"https:\/\/www.restaurateur-papier.com\/restauration-arts-graphiques\/#website\",\"url\":\"https:\/\/www.restaurateur-papier.com\/restauration-arts-graphiques\/\",\"name\":\"Papier d&#039;antan - Atelier de restauration d&#039;arts graphiques\",\"description\":\"Conservation- Restauration de documents et \u0153uvres sur papier\",\"publisher\":{\"@id\":\"https:\/\/www.restaurateur-papier.com\/restauration-arts-graphiques\/#organization\"},\"potentialAction\":[{\"@type\":\"SearchAction\",\"target\":{\"@type\":\"EntryPoint\",\"urlTemplate\":\"https:\/\/www.restaurateur-papier.com\/restauration-arts-graphiques\/?s={search_term_string}\"},\"query-input\":{\"@type\":\"PropertyValueSpecification\",\"valueRequired\":true,\"valueName\":\"search_term_string\"}}],\"inLanguage\":\"fr-FR\"},{\"@type\":\"Organization\",\"@id\":\"https:\/\/www.restaurateur-papier.com\/restauration-arts-graphiques\/#organization\",\"name\":\"Papier d&#039;antan - Atelier de restauration d&#039;arts graphiques\",\"url\":\"https:\/\/www.restaurateur-papier.com\/restauration-arts-graphiques\/\",\"logo\":{\"@type\":\"ImageObject\",\"inLanguage\":\"fr-FR\",\"@id\":\"https:\/\/www.restaurateur-papier.com\/restauration-arts-graphiques\/#\/schema\/logo\/image\/\",\"url\":\"https:\/\/i0.wp.com\/www.restaurateur-papier.com\/restauration-arts-graphiques\/wp-content\/uploads\/2019\/04\/logo-e1555059343651.png?fit=492%2C240&ssl=1\",\"contentUrl\":\"https:\/\/i0.wp.com\/www.restaurateur-papier.com\/restauration-arts-graphiques\/wp-content\/uploads\/2019\/04\/logo-e1555059343651.png?fit=492%2C240&ssl=1\",\"width\":492,\"height\":240,\"caption\":\"Papier d&#039;antan - Atelier de restauration d&#039;arts graphiques\"},\"image\":{\"@id\":\"https:\/\/www.restaurateur-papier.com\/restauration-arts-graphiques\/#\/schema\/logo\/image\/\"}}]}<\/script>\n<!-- \/ Yoast SEO plugin. -->","yoast_head_json":{"title":"Bienvenue - Papier d&#039;antan - Atelier de restauration d&#039;arts graphiques","description":"Atelier Papier d'Antan \u00e0 Cysoing, cr\u00e9\u00e9 par Marion Herbaux est sp\u00e9cialis\u00e9 dans la restauration du patrimoine graphique : dessins, affiches, gravures.","robots":{"index":"index","follow":"follow","max-snippet":"max-snippet:-1","max-image-preview":"max-image-preview:large","max-video-preview":"max-video-preview:-1"},"canonical":"https:\/\/www.restaurateur-papier.com\/restauration-arts-graphiques\/","og_locale":"fr_FR","og_type":"article","og_title":"Bienvenue - Papier d&#039;antan - Atelier de restauration d&#039;arts graphiques","og_description":"Atelier Papier d'Antan \u00e0 Cysoing, cr\u00e9\u00e9 par Marion Herbaux est sp\u00e9cialis\u00e9 dans la restauration du patrimoine graphique : dessins, affiches, gravures.","og_url":"https:\/\/www.restaurateur-papier.com\/restauration-arts-graphiques\/","og_site_name":"Papier d&#039;antan - Atelier de restauration d&#039;arts graphiques","article_modified_time":"2026-02-03T16:17:46+00:00","og_image":[{"width":1260,"height":575,"url":"https:\/\/www.restaurateur-papier.com\/restauration-arts-graphiques\/wp-content\/uploads\/2024\/12\/cropped-cropped-Papier-dAntan-02-decembre-2024-5J3A9930-1.jpg","type":"image\/jpeg"}],"twitter_card":"summary_large_image","twitter_misc":{"Dur\u00e9e de lecture estim\u00e9e":"1 minute"},"schema":{"@context":"https:\/\/schema.org","@graph":[{"@type":"WebPage","@id":"https:\/\/www.restaurateur-papier.com\/restauration-arts-graphiques\/","url":"https:\/\/www.restaurateur-papier.com\/restauration-arts-graphiques\/","name":"Bienvenue - Papier d&#039;antan - Atelier de restauration d&#039;arts graphiques","isPartOf":{"@id":"https:\/\/www.restaurateur-papier.com\/restauration-arts-graphiques\/#website"},"primaryImageOfPage":{"@id":"https:\/\/www.restaurateur-papier.com\/restauration-arts-graphiques\/#primaryimage"},"image":{"@id":"https:\/\/www.restaurateur-papier.com\/restauration-arts-graphiques\/#primaryimage"},"thumbnailUrl":"https:\/\/i0.wp.com\/www.restaurateur-papier.com\/restauration-arts-graphiques\/wp-content\/uploads\/2026\/02\/PM_07718-scaled.jpg?fit=2560%2C1707&ssl=1","datePublished":"2011-01-07T13:36:44+00:00","dateModified":"2026-02-03T16:17:46+00:00","description":"Atelier Papier d'Antan \u00e0 Cysoing, cr\u00e9\u00e9 par Marion Herbaux est sp\u00e9cialis\u00e9 dans la restauration du patrimoine graphique : dessins, affiches, gravures.","breadcrumb":{"@id":"https:\/\/www.restaurateur-papier.com\/restauration-arts-graphiques\/#breadcrumb"},"inLanguage":"fr-FR","potentialAction":[{"@type":"ReadAction","target":["https:\/\/www.restaurateur-papier.com\/restauration-arts-graphiques\/"]}]},{"@type":"ImageObject","inLanguage":"fr-FR","@id":"https:\/\/www.restaurateur-papier.com\/restauration-arts-graphiques\/#primaryimage","url":"https:\/\/i0.wp.com\/www.restaurateur-papier.com\/restauration-arts-graphiques\/wp-content\/uploads\/2026\/02\/PM_07718-scaled.jpg?fit=2560%2C1707&ssl=1","contentUrl":"https:\/\/i0.wp.com\/www.restaurateur-papier.com\/restauration-arts-graphiques\/wp-content\/uploads\/2026\/02\/PM_07718-scaled.jpg?fit=2560%2C1707&ssl=1","width":2560,"height":1707},{"@type":"BreadcrumbList","@id":"https:\/\/www.restaurateur-papier.com\/restauration-arts-graphiques\/#breadcrumb","itemListElement":[{"@type":"ListItem","position":1,"name":"Accueil","item":"https:\/\/www.restaurateur-papier.com\/restauration-arts-graphiques\/"},{"@type":"ListItem","position":2,"name":"Bienvenue"}]},{"@type":"WebSite","@id":"https:\/\/www.restaurateur-papier.com\/restauration-arts-graphiques\/#website","url":"https:\/\/www.restaurateur-papier.com\/restauration-arts-graphiques\/","name":"Papier d&#039;antan - Atelier de restauration d&#039;arts graphiques","description":"Conservation- Restauration de documents et \u0153uvres sur papier","publisher":{"@id":"https:\/\/www.restaurateur-papier.com\/restauration-arts-graphiques\/#organization"},"potentialAction":[{"@type":"SearchAction","target":{"@type":"EntryPoint","urlTemplate":"https:\/\/www.restaurateur-papier.com\/restauration-arts-graphiques\/?s={search_term_string}"},"query-input":{"@type":"PropertyValueSpecification","valueRequired":true,"valueName":"search_term_string"}}],"inLanguage":"fr-FR"},{"@type":"Organization","@id":"https:\/\/www.restaurateur-papier.com\/restauration-arts-graphiques\/#organization","name":"Papier d&#039;antan - Atelier de restauration d&#039;arts graphiques","url":"https:\/\/www.restaurateur-papier.com\/restauration-arts-graphiques\/","logo":{"@type":"ImageObject","inLanguage":"fr-FR","@id":"https:\/\/www.restaurateur-papier.com\/restauration-arts-graphiques\/#\/schema\/logo\/image\/","url":"https:\/\/i0.wp.com\/www.restaurateur-papier.com\/restauration-arts-graphiques\/wp-content\/uploads\/2019\/04\/logo-e1555059343651.png?fit=492%2C240&ssl=1","contentUrl":"https:\/\/i0.wp.com\/www.restaurateur-papier.com\/restauration-arts-graphiques\/wp-content\/uploads\/2019\/04\/logo-e1555059343651.png?fit=492%2C240&ssl=1","width":492,"height":240,"caption":"Papier d&#039;antan - Atelier de restauration d&#039;arts graphiques"},"image":{"@id":"https:\/\/www.restaurateur-papier.com\/restauration-arts-graphiques\/#\/schema\/logo\/image\/"}}]}},"jetpack_sharing_enabled":true,"_links":{"self":[{"href":"https:\/\/www.restaurateur-papier.com\/restauration-arts-graphiques\/index.php?rest_route=\/wp\/v2\/pages\/2","targetHints":{"allow":["GET"]}}],"collection":[{"href":"https:\/\/www.restaurateur-papier.com\/restauration-arts-graphiques\/index.php?rest_route=\/wp\/v2\/pages"}],"about":[{"href":"https:\/\/www.restaurateur-papier.com\/restauration-arts-graphiques\/index.php?rest_route=\/wp\/v2\/types\/page"}],"author":[{"embeddable":true,"href":"https:\/\/www.restaurateur-papier.com\/restauration-arts-graphiques\/index.php?rest_route=\/wp\/v2\/users\/1"}],"replies":[{"embeddable":true,"href":"https:\/\/www.restaurateur-papier.com\/restauration-arts-graphiques\/index.php?rest_route=%2Fwp%2Fv2%2Fcomments&post=2"}],"version-history":[{"count":34,"href":"https:\/\/www.restaurateur-papier.com\/restauration-arts-graphiques\/index.php?rest_route=\/wp\/v2\/pages\/2\/revisions"}],"predecessor-version":[{"id":1109,"href":"https:\/\/www.restaurateur-papier.com\/restauration-arts-graphiques\/index.php?rest_route=\/wp\/v2\/pages\/2\/revisions\/1109"}],"wp:featuredmedia":[{"embeddable":true,"href":"https:\/\/www.restaurateur-papier.com\/restauration-arts-graphiques\/index.php?rest_route=\/wp\/v2\/media\/1107"}],"wp:attachment":[{"href":"https:\/\/www.restaurateur-papier.com\/restauration-arts-graphiques\/index.php?rest_route=%2Fwp%2Fv2%2Fmedia&parent=2"}],"curies":[{"name":"wp","href":"https:\/\/api.w.org\/{rel}","templated":true}]}}