{"id":1070,"date":"2025-01-16T14:44:27","date_gmt":"2025-01-16T14:44:27","guid":{"rendered":"https:\/\/www.restaurateur-papier.com\/restauration-arts-graphiques\/?page_id=1070"},"modified":"2025-01-16T14:47:05","modified_gmt":"2025-01-16T14:47:05","slug":"le-chateau-musee-dhardelot","status":"publish","type":"page","link":"https:\/\/www.restaurateur-papier.com\/restauration-arts-graphiques\/?page_id=1070","title":{"rendered":"Le Ch\u00e2teau mus\u00e9e d&rsquo;Hardelot"},"content":{"rendered":"\n<p>Depuis plusieurs ann\u00e9es, j\u2019ai eu l\u2019honneur de collaborer avec le prestigieux Ch\u00e2teau-Mus\u00e9e d&rsquo;Hardelot dans le cadre de mon activit\u00e9 de restauration d\u2019arts graphiques. Ce joyau culturel, nich\u00e9 dans un \u00e9crin de verdure \u00e0 Condette, offre une alliance unique entre patrimoine historique et promotion artistique contemporaine.<\/p>\n\n\n\n<p>Lors de mes interventions, j\u2019ai eu le plaisir de contribuer \u00e0 la conservation et \u00e0 la restauration de documents historiques et d\u2019\u0153uvres graphiques expos\u00e9s au ch\u00e2teau. Ces travaux incluent notamment :<\/p>\n\n\n\n<ul class=\"wp-block-list\">\n<li>Restauration d&rsquo;une gravure repr\u00e9sentant \u00ab\u00a0Louis XVI disant adieu \u00e0 sa famille \u00e0 la prison du temple\u00a0\u00bb-2024.<\/li>\n\n\n\n<li>Restauration et encadrement d&rsquo;une lithographie de Montaut &#8211; 2023<\/li>\n\n\n\n<li>Restauration de An Almanac of Twelve sports By William Nicholson 2023.<\/li>\n\n\n\n<li>Restauration d&rsquo;une gravure intitul\u00e9e \u00ab\u00a0Londres et Destruction of the French\u00a0\u00bb en pr\u00eat pour le CCEC &#8211; 2021<\/li>\n\n\n\n<li>Restauration et conservation des \u0153uvres de la collection pour une p\u00e9riode de 12 mois &#8211; 2017.<\/li>\n<\/ul>\n\n\n\n<p>Ces projets me permettent non seulement de valoriser les collections du mus\u00e9e, mais aussi de transmettre aux visiteurs l\u2019importance de la pr\u00e9servation du patrimoine.<\/p>\n\n\n\n<h4 class=\"wp-block-heading\">Un Lieu d\u2019\u00c9changes Culturels<\/h4>\n\n\n\n<p>Le Ch\u00e2teau-Mus\u00e9e d&rsquo;Hardelot ne se limite pas \u00e0 \u00eatre un site historique ; il est \u00e9galement un carrefour culturel dynamique, accueillant des expositions, des spectacles et des activit\u00e9s p\u00e9dagogiques. <\/p>\n\n\n\n<h4 class=\"wp-block-heading\">Je vous invite \u00e0 d\u00e9couvrir le Ch\u00e2teau-Mus\u00e9e d&rsquo;Hardelot et \u00e0 plonger dans son univers fascinant. <\/h4>\n\n\n\n\n\n<p><\/p>\n","protected":false},"excerpt":{"rendered":"<p>Depuis plusieurs ann\u00e9es, j\u2019ai eu l\u2019honneur de collaborer avec le prestigieux Ch\u00e2teau-Mus\u00e9e d&rsquo;Hardelot dans le cadre de mon activit\u00e9 de restauration d\u2019arts graphiques. Ce joyau culturel, nich\u00e9 dans un \u00e9crin de verdure \u00e0 Condette, offre une alliance unique entre patrimoine historique et promotion artistique contemporaine. Lors de mes interventions, j\u2019ai &hellip;<\/p>\n","protected":false},"author":2,"featured_media":0,"parent":0,"menu_order":0,"comment_status":"closed","ping_status":"closed","template":"","meta":{"footnotes":""},"class_list":["post-1070","page","type-page","status-publish","hentry"],"yoast_head":"<!-- This site is optimized with the Yoast SEO plugin v27.2 - https:\/\/yoast.com\/product\/yoast-seo-wordpress\/ -->\n<title>Le Ch\u00e2teau mus\u00e9e d&#039;Hardelot - Papier d&#039;antan - Atelier de restauration d&#039;arts graphiques<\/title>\n<meta name=\"robots\" content=\"index, follow, max-snippet:-1, max-image-preview:large, max-video-preview:-1\" \/>\n<link rel=\"canonical\" href=\"https:\/\/www.restaurateur-papier.com\/restauration-arts-graphiques\/?page_id=1070\" \/>\n<meta property=\"og:locale\" content=\"fr_FR\" \/>\n<meta property=\"og:type\" content=\"article\" \/>\n<meta property=\"og:title\" content=\"Le Ch\u00e2teau mus\u00e9e d&#039;Hardelot - Papier d&#039;antan - Atelier de restauration d&#039;arts graphiques\" \/>\n<meta property=\"og:description\" content=\"Depuis plusieurs ann\u00e9es, j\u2019ai eu l\u2019honneur de collaborer avec le prestigieux Ch\u00e2teau-Mus\u00e9e d&rsquo;Hardelot dans le cadre de mon activit\u00e9 de restauration d\u2019arts graphiques. Ce joyau culturel, nich\u00e9 dans un \u00e9crin de verdure \u00e0 Condette, offre une alliance unique entre patrimoine historique et promotion artistique contemporaine. Lors de mes interventions, j\u2019ai &hellip;\" \/>\n<meta property=\"og:url\" content=\"https:\/\/www.restaurateur-papier.com\/restauration-arts-graphiques\/?page_id=1070\" \/>\n<meta property=\"og:site_name\" content=\"Papier d&#039;antan - Atelier de restauration d&#039;arts graphiques\" \/>\n<meta property=\"article:modified_time\" content=\"2025-01-16T14:47:05+00:00\" \/>\n<meta name=\"twitter:card\" content=\"summary_large_image\" \/>\n<meta name=\"twitter:label1\" content=\"Dur\u00e9e de lecture estim\u00e9e\" \/>\n\t<meta name=\"twitter:data1\" content=\"2 minutes\" \/>\n<script type=\"application\/ld+json\" class=\"yoast-schema-graph\">{\"@context\":\"https:\/\/schema.org\",\"@graph\":[{\"@type\":\"WebPage\",\"@id\":\"https:\/\/www.restaurateur-papier.com\/restauration-arts-graphiques\/?page_id=1070\",\"url\":\"https:\/\/www.restaurateur-papier.com\/restauration-arts-graphiques\/?page_id=1070\",\"name\":\"Le Ch\u00e2teau mus\u00e9e d'Hardelot - Papier d&#039;antan - Atelier de restauration d&#039;arts graphiques\",\"isPartOf\":{\"@id\":\"https:\/\/www.restaurateur-papier.com\/restauration-arts-graphiques\/#website\"},\"datePublished\":\"2025-01-16T14:44:27+00:00\",\"dateModified\":\"2025-01-16T14:47:05+00:00\",\"breadcrumb\":{\"@id\":\"https:\/\/www.restaurateur-papier.com\/restauration-arts-graphiques\/?page_id=1070#breadcrumb\"},\"inLanguage\":\"fr-FR\",\"potentialAction\":[{\"@type\":\"ReadAction\",\"target\":[\"https:\/\/www.restaurateur-papier.com\/restauration-arts-graphiques\/?page_id=1070\"]}]},{\"@type\":\"BreadcrumbList\",\"@id\":\"https:\/\/www.restaurateur-papier.com\/restauration-arts-graphiques\/?page_id=1070#breadcrumb\",\"itemListElement\":[{\"@type\":\"ListItem\",\"position\":1,\"name\":\"Accueil\",\"item\":\"https:\/\/www.restaurateur-papier.com\/restauration-arts-graphiques\/\"},{\"@type\":\"ListItem\",\"position\":2,\"name\":\"Le Ch\u00e2teau mus\u00e9e d&rsquo;Hardelot\"}]},{\"@type\":\"WebSite\",\"@id\":\"https:\/\/www.restaurateur-papier.com\/restauration-arts-graphiques\/#website\",\"url\":\"https:\/\/www.restaurateur-papier.com\/restauration-arts-graphiques\/\",\"name\":\"Papier d&#039;antan - Atelier de restauration d&#039;arts graphiques\",\"description\":\"Conservation- Restauration de documents et \u0153uvres sur papier\",\"publisher\":{\"@id\":\"https:\/\/www.restaurateur-papier.com\/restauration-arts-graphiques\/#organization\"},\"potentialAction\":[{\"@type\":\"SearchAction\",\"target\":{\"@type\":\"EntryPoint\",\"urlTemplate\":\"https:\/\/www.restaurateur-papier.com\/restauration-arts-graphiques\/?s={search_term_string}\"},\"query-input\":{\"@type\":\"PropertyValueSpecification\",\"valueRequired\":true,\"valueName\":\"search_term_string\"}}],\"inLanguage\":\"fr-FR\"},{\"@type\":\"Organization\",\"@id\":\"https:\/\/www.restaurateur-papier.com\/restauration-arts-graphiques\/#organization\",\"name\":\"Papier d&#039;antan - Atelier de restauration d&#039;arts graphiques\",\"url\":\"https:\/\/www.restaurateur-papier.com\/restauration-arts-graphiques\/\",\"logo\":{\"@type\":\"ImageObject\",\"inLanguage\":\"fr-FR\",\"@id\":\"https:\/\/www.restaurateur-papier.com\/restauration-arts-graphiques\/#\/schema\/logo\/image\/\",\"url\":\"https:\/\/i0.wp.com\/www.restaurateur-papier.com\/restauration-arts-graphiques\/wp-content\/uploads\/2019\/04\/logo-e1555059343651.png?fit=492%2C240&ssl=1\",\"contentUrl\":\"https:\/\/i0.wp.com\/www.restaurateur-papier.com\/restauration-arts-graphiques\/wp-content\/uploads\/2019\/04\/logo-e1555059343651.png?fit=492%2C240&ssl=1\",\"width\":492,\"height\":240,\"caption\":\"Papier d&#039;antan - Atelier de restauration d&#039;arts graphiques\"},\"image\":{\"@id\":\"https:\/\/www.restaurateur-papier.com\/restauration-arts-graphiques\/#\/schema\/logo\/image\/\"}}]}<\/script>\n<!-- \/ Yoast SEO plugin. -->","yoast_head_json":{"title":"Le Ch\u00e2teau mus\u00e9e d'Hardelot - Papier d&#039;antan - Atelier de restauration d&#039;arts graphiques","robots":{"index":"index","follow":"follow","max-snippet":"max-snippet:-1","max-image-preview":"max-image-preview:large","max-video-preview":"max-video-preview:-1"},"canonical":"https:\/\/www.restaurateur-papier.com\/restauration-arts-graphiques\/?page_id=1070","og_locale":"fr_FR","og_type":"article","og_title":"Le Ch\u00e2teau mus\u00e9e d'Hardelot - Papier d&#039;antan - Atelier de restauration d&#039;arts graphiques","og_description":"Depuis plusieurs ann\u00e9es, j\u2019ai eu l\u2019honneur de collaborer avec le prestigieux Ch\u00e2teau-Mus\u00e9e d&rsquo;Hardelot dans le cadre de mon activit\u00e9 de restauration d\u2019arts graphiques. Ce joyau culturel, nich\u00e9 dans un \u00e9crin de verdure \u00e0 Condette, offre une alliance unique entre patrimoine historique et promotion artistique contemporaine. Lors de mes interventions, j\u2019ai &hellip;","og_url":"https:\/\/www.restaurateur-papier.com\/restauration-arts-graphiques\/?page_id=1070","og_site_name":"Papier d&#039;antan - Atelier de restauration d&#039;arts graphiques","article_modified_time":"2025-01-16T14:47:05+00:00","twitter_card":"summary_large_image","twitter_misc":{"Dur\u00e9e de lecture estim\u00e9e":"2 minutes"},"schema":{"@context":"https:\/\/schema.org","@graph":[{"@type":"WebPage","@id":"https:\/\/www.restaurateur-papier.com\/restauration-arts-graphiques\/?page_id=1070","url":"https:\/\/www.restaurateur-papier.com\/restauration-arts-graphiques\/?page_id=1070","name":"Le Ch\u00e2teau mus\u00e9e d'Hardelot - Papier d&#039;antan - Atelier de restauration d&#039;arts graphiques","isPartOf":{"@id":"https:\/\/www.restaurateur-papier.com\/restauration-arts-graphiques\/#website"},"datePublished":"2025-01-16T14:44:27+00:00","dateModified":"2025-01-16T14:47:05+00:00","breadcrumb":{"@id":"https:\/\/www.restaurateur-papier.com\/restauration-arts-graphiques\/?page_id=1070#breadcrumb"},"inLanguage":"fr-FR","potentialAction":[{"@type":"ReadAction","target":["https:\/\/www.restaurateur-papier.com\/restauration-arts-graphiques\/?page_id=1070"]}]},{"@type":"BreadcrumbList","@id":"https:\/\/www.restaurateur-papier.com\/restauration-arts-graphiques\/?page_id=1070#breadcrumb","itemListElement":[{"@type":"ListItem","position":1,"name":"Accueil","item":"https:\/\/www.restaurateur-papier.com\/restauration-arts-graphiques\/"},{"@type":"ListItem","position":2,"name":"Le Ch\u00e2teau mus\u00e9e d&rsquo;Hardelot"}]},{"@type":"WebSite","@id":"https:\/\/www.restaurateur-papier.com\/restauration-arts-graphiques\/#website","url":"https:\/\/www.restaurateur-papier.com\/restauration-arts-graphiques\/","name":"Papier d&#039;antan - Atelier de restauration d&#039;arts graphiques","description":"Conservation- Restauration de documents et \u0153uvres sur papier","publisher":{"@id":"https:\/\/www.restaurateur-papier.com\/restauration-arts-graphiques\/#organization"},"potentialAction":[{"@type":"SearchAction","target":{"@type":"EntryPoint","urlTemplate":"https:\/\/www.restaurateur-papier.com\/restauration-arts-graphiques\/?s={search_term_string}"},"query-input":{"@type":"PropertyValueSpecification","valueRequired":true,"valueName":"search_term_string"}}],"inLanguage":"fr-FR"},{"@type":"Organization","@id":"https:\/\/www.restaurateur-papier.com\/restauration-arts-graphiques\/#organization","name":"Papier d&#039;antan - Atelier de restauration d&#039;arts graphiques","url":"https:\/\/www.restaurateur-papier.com\/restauration-arts-graphiques\/","logo":{"@type":"ImageObject","inLanguage":"fr-FR","@id":"https:\/\/www.restaurateur-papier.com\/restauration-arts-graphiques\/#\/schema\/logo\/image\/","url":"https:\/\/i0.wp.com\/www.restaurateur-papier.com\/restauration-arts-graphiques\/wp-content\/uploads\/2019\/04\/logo-e1555059343651.png?fit=492%2C240&ssl=1","contentUrl":"https:\/\/i0.wp.com\/www.restaurateur-papier.com\/restauration-arts-graphiques\/wp-content\/uploads\/2019\/04\/logo-e1555059343651.png?fit=492%2C240&ssl=1","width":492,"height":240,"caption":"Papier d&#039;antan - Atelier de restauration d&#039;arts graphiques"},"image":{"@id":"https:\/\/www.restaurateur-papier.com\/restauration-arts-graphiques\/#\/schema\/logo\/image\/"}}]}},"jetpack_sharing_enabled":true,"_links":{"self":[{"href":"https:\/\/www.restaurateur-papier.com\/restauration-arts-graphiques\/index.php?rest_route=\/wp\/v2\/pages\/1070","targetHints":{"allow":["GET"]}}],"collection":[{"href":"https:\/\/www.restaurateur-papier.com\/restauration-arts-graphiques\/index.php?rest_route=\/wp\/v2\/pages"}],"about":[{"href":"https:\/\/www.restaurateur-papier.com\/restauration-arts-graphiques\/index.php?rest_route=\/wp\/v2\/types\/page"}],"author":[{"embeddable":true,"href":"https:\/\/www.restaurateur-papier.com\/restauration-arts-graphiques\/index.php?rest_route=\/wp\/v2\/users\/2"}],"replies":[{"embeddable":true,"href":"https:\/\/www.restaurateur-papier.com\/restauration-arts-graphiques\/index.php?rest_route=%2Fwp%2Fv2%2Fcomments&post=1070"}],"version-history":[{"count":2,"href":"https:\/\/www.restaurateur-papier.com\/restauration-arts-graphiques\/index.php?rest_route=\/wp\/v2\/pages\/1070\/revisions"}],"predecessor-version":[{"id":1075,"href":"https:\/\/www.restaurateur-papier.com\/restauration-arts-graphiques\/index.php?rest_route=\/wp\/v2\/pages\/1070\/revisions\/1075"}],"wp:attachment":[{"href":"https:\/\/www.restaurateur-papier.com\/restauration-arts-graphiques\/index.php?rest_route=%2Fwp%2Fv2%2Fmedia&parent=1070"}],"curies":[{"name":"wp","href":"https:\/\/api.w.org\/{rel}","templated":true}]}}