{"id":1045,"date":"2025-01-15T21:31:32","date_gmt":"2025-01-15T21:31:32","guid":{"rendered":"https:\/\/www.restaurateur-papier.com\/restauration-arts-graphiques\/?page_id=1045"},"modified":"2025-01-15T21:31:37","modified_gmt":"2025-01-15T21:31:37","slug":"le-musee-du-mont-de-piete-de-bergues","status":"publish","type":"page","link":"https:\/\/www.restaurateur-papier.com\/restauration-arts-graphiques\/?page_id=1045","title":{"rendered":"Le Mus\u00e9e du Mont-de-Pi\u00e9t\u00e9 de Bergues"},"content":{"rendered":"\n<p>Situ\u00e9 dans un ancien Mont-de-pi\u00e9t\u00e9 datant du XVIIe si\u00e8cle, le mus\u00e9e de Bergues, labellis\u00e9 Mus\u00e9e de France, b\u00e9n\u00e9ficie d\u2019un cadre exceptionnel pour abriter ses riches collections de peintures, de dessins et d\u2019histoire naturelle. Joyaux de l\u2019art baroque flamand, le Mont-de-pi\u00e9t\u00e9 de Bergues a \u00e9t\u00e9 \u00e9difi\u00e9, entre 1629 et 1633, d\u2019apr\u00e8s les plans du peintre, architecte, \u00e9conomiste et ing\u00e9nieur Wenceslas Cobergher (1560 \u2013 1634). <\/p>\n\n\n\n<p><strong>Les collections du mus\u00e9e<\/strong><\/p>\n\n\n\n<p>Le mus\u00e9e est particuli\u00e8rement r\u00e9put\u00e9 pour sa collection de dessins, qui comprend des \u0153uvres de ma\u00eetres flamands, ainsi que des dessins d&rsquo;artistes locaux et r\u00e9gionaux. Ces dessins, dont certains datent de plusieurs si\u00e8cles, t\u00e9moignent de la richesse et de la diversit\u00e9 du patrimoine artistique de la r\u00e9gion.<\/p>\n\n\n\n<p><strong>L&rsquo;atelier Papier d&rsquo;Antan a particip\u00e9 \u00e0 plusieurs chantier de restauration: <\/strong><\/p>\n\n\n\n<p>2024 : Travaux de d\u00e9montage et de conditionnement des planches provenant du livre d&rsquo;art Terre de 13 Ciels, De Looten, VanHecke et Dourdin<\/p>\n\n\n\n<p>2025 : Restauration et montage des dessins divers au vue de leur exposition pour la r\u00e9ouverture du mus\u00e9e.<\/p>\n\n\n\n<p><\/p>\n","protected":false},"excerpt":{"rendered":"<p>Situ\u00e9 dans un ancien Mont-de-pi\u00e9t\u00e9 datant du XVIIe si\u00e8cle, le mus\u00e9e de Bergues, labellis\u00e9 Mus\u00e9e de France, b\u00e9n\u00e9ficie d\u2019un cadre exceptionnel pour abriter ses riches collections de peintures, de dessins et d\u2019histoire naturelle. Joyaux de l\u2019art baroque flamand, le Mont-de-pi\u00e9t\u00e9 de Bergues a \u00e9t\u00e9 \u00e9difi\u00e9, entre 1629 et 1633, d\u2019apr\u00e8s &hellip;<\/p>\n","protected":false},"author":2,"featured_media":0,"parent":0,"menu_order":0,"comment_status":"closed","ping_status":"closed","template":"","meta":{"footnotes":""},"class_list":["post-1045","page","type-page","status-publish","hentry"],"yoast_head":"<!-- This site is optimized with the Yoast SEO plugin v27.2 - https:\/\/yoast.com\/product\/yoast-seo-wordpress\/ -->\n<title>Le Mus\u00e9e du Mont-de-Pi\u00e9t\u00e9 de Bergues - Papier d&#039;antan - Atelier de restauration d&#039;arts graphiques<\/title>\n<meta name=\"robots\" content=\"index, follow, max-snippet:-1, max-image-preview:large, max-video-preview:-1\" \/>\n<link rel=\"canonical\" href=\"https:\/\/www.restaurateur-papier.com\/restauration-arts-graphiques\/?page_id=1045\" \/>\n<meta property=\"og:locale\" content=\"fr_FR\" \/>\n<meta property=\"og:type\" content=\"article\" \/>\n<meta property=\"og:title\" content=\"Le Mus\u00e9e du Mont-de-Pi\u00e9t\u00e9 de Bergues - Papier d&#039;antan - Atelier de restauration d&#039;arts graphiques\" \/>\n<meta property=\"og:description\" content=\"Situ\u00e9 dans un ancien Mont-de-pi\u00e9t\u00e9 datant du XVIIe si\u00e8cle, le mus\u00e9e de Bergues, labellis\u00e9 Mus\u00e9e de France, b\u00e9n\u00e9ficie d\u2019un cadre exceptionnel pour abriter ses riches collections de peintures, de dessins et d\u2019histoire naturelle. Joyaux de l\u2019art baroque flamand, le Mont-de-pi\u00e9t\u00e9 de Bergues a \u00e9t\u00e9 \u00e9difi\u00e9, entre 1629 et 1633, d\u2019apr\u00e8s &hellip;\" \/>\n<meta property=\"og:url\" content=\"https:\/\/www.restaurateur-papier.com\/restauration-arts-graphiques\/?page_id=1045\" \/>\n<meta property=\"og:site_name\" content=\"Papier d&#039;antan - Atelier de restauration d&#039;arts graphiques\" \/>\n<meta property=\"article:modified_time\" content=\"2025-01-15T21:31:37+00:00\" \/>\n<meta name=\"twitter:card\" content=\"summary_large_image\" \/>\n<meta name=\"twitter:label1\" content=\"Dur\u00e9e de lecture estim\u00e9e\" \/>\n\t<meta name=\"twitter:data1\" content=\"1 minute\" \/>\n<script type=\"application\/ld+json\" class=\"yoast-schema-graph\">{\"@context\":\"https:\/\/schema.org\",\"@graph\":[{\"@type\":\"WebPage\",\"@id\":\"https:\/\/www.restaurateur-papier.com\/restauration-arts-graphiques\/?page_id=1045\",\"url\":\"https:\/\/www.restaurateur-papier.com\/restauration-arts-graphiques\/?page_id=1045\",\"name\":\"Le Mus\u00e9e du Mont-de-Pi\u00e9t\u00e9 de Bergues - Papier d&#039;antan - Atelier de restauration d&#039;arts graphiques\",\"isPartOf\":{\"@id\":\"https:\/\/www.restaurateur-papier.com\/restauration-arts-graphiques\/#website\"},\"datePublished\":\"2025-01-15T21:31:32+00:00\",\"dateModified\":\"2025-01-15T21:31:37+00:00\",\"breadcrumb\":{\"@id\":\"https:\/\/www.restaurateur-papier.com\/restauration-arts-graphiques\/?page_id=1045#breadcrumb\"},\"inLanguage\":\"fr-FR\",\"potentialAction\":[{\"@type\":\"ReadAction\",\"target\":[\"https:\/\/www.restaurateur-papier.com\/restauration-arts-graphiques\/?page_id=1045\"]}]},{\"@type\":\"BreadcrumbList\",\"@id\":\"https:\/\/www.restaurateur-papier.com\/restauration-arts-graphiques\/?page_id=1045#breadcrumb\",\"itemListElement\":[{\"@type\":\"ListItem\",\"position\":1,\"name\":\"Accueil\",\"item\":\"https:\/\/www.restaurateur-papier.com\/restauration-arts-graphiques\/\"},{\"@type\":\"ListItem\",\"position\":2,\"name\":\"Le Mus\u00e9e du Mont-de-Pi\u00e9t\u00e9 de Bergues\"}]},{\"@type\":\"WebSite\",\"@id\":\"https:\/\/www.restaurateur-papier.com\/restauration-arts-graphiques\/#website\",\"url\":\"https:\/\/www.restaurateur-papier.com\/restauration-arts-graphiques\/\",\"name\":\"Papier d&#039;antan - Atelier de restauration d&#039;arts graphiques\",\"description\":\"Conservation- Restauration de documents et \u0153uvres sur papier\",\"publisher\":{\"@id\":\"https:\/\/www.restaurateur-papier.com\/restauration-arts-graphiques\/#organization\"},\"potentialAction\":[{\"@type\":\"SearchAction\",\"target\":{\"@type\":\"EntryPoint\",\"urlTemplate\":\"https:\/\/www.restaurateur-papier.com\/restauration-arts-graphiques\/?s={search_term_string}\"},\"query-input\":{\"@type\":\"PropertyValueSpecification\",\"valueRequired\":true,\"valueName\":\"search_term_string\"}}],\"inLanguage\":\"fr-FR\"},{\"@type\":\"Organization\",\"@id\":\"https:\/\/www.restaurateur-papier.com\/restauration-arts-graphiques\/#organization\",\"name\":\"Papier d&#039;antan - Atelier de restauration d&#039;arts graphiques\",\"url\":\"https:\/\/www.restaurateur-papier.com\/restauration-arts-graphiques\/\",\"logo\":{\"@type\":\"ImageObject\",\"inLanguage\":\"fr-FR\",\"@id\":\"https:\/\/www.restaurateur-papier.com\/restauration-arts-graphiques\/#\/schema\/logo\/image\/\",\"url\":\"https:\/\/i0.wp.com\/www.restaurateur-papier.com\/restauration-arts-graphiques\/wp-content\/uploads\/2019\/04\/logo-e1555059343651.png?fit=492%2C240&ssl=1\",\"contentUrl\":\"https:\/\/i0.wp.com\/www.restaurateur-papier.com\/restauration-arts-graphiques\/wp-content\/uploads\/2019\/04\/logo-e1555059343651.png?fit=492%2C240&ssl=1\",\"width\":492,\"height\":240,\"caption\":\"Papier d&#039;antan - Atelier de restauration d&#039;arts graphiques\"},\"image\":{\"@id\":\"https:\/\/www.restaurateur-papier.com\/restauration-arts-graphiques\/#\/schema\/logo\/image\/\"}}]}<\/script>\n<!-- \/ Yoast SEO plugin. -->","yoast_head_json":{"title":"Le Mus\u00e9e du Mont-de-Pi\u00e9t\u00e9 de Bergues - Papier d&#039;antan - Atelier de restauration d&#039;arts graphiques","robots":{"index":"index","follow":"follow","max-snippet":"max-snippet:-1","max-image-preview":"max-image-preview:large","max-video-preview":"max-video-preview:-1"},"canonical":"https:\/\/www.restaurateur-papier.com\/restauration-arts-graphiques\/?page_id=1045","og_locale":"fr_FR","og_type":"article","og_title":"Le Mus\u00e9e du Mont-de-Pi\u00e9t\u00e9 de Bergues - Papier d&#039;antan - Atelier de restauration d&#039;arts graphiques","og_description":"Situ\u00e9 dans un ancien Mont-de-pi\u00e9t\u00e9 datant du XVIIe si\u00e8cle, le mus\u00e9e de Bergues, labellis\u00e9 Mus\u00e9e de France, b\u00e9n\u00e9ficie d\u2019un cadre exceptionnel pour abriter ses riches collections de peintures, de dessins et d\u2019histoire naturelle. Joyaux de l\u2019art baroque flamand, le Mont-de-pi\u00e9t\u00e9 de Bergues a \u00e9t\u00e9 \u00e9difi\u00e9, entre 1629 et 1633, d\u2019apr\u00e8s &hellip;","og_url":"https:\/\/www.restaurateur-papier.com\/restauration-arts-graphiques\/?page_id=1045","og_site_name":"Papier d&#039;antan - Atelier de restauration d&#039;arts graphiques","article_modified_time":"2025-01-15T21:31:37+00:00","twitter_card":"summary_large_image","twitter_misc":{"Dur\u00e9e de lecture estim\u00e9e":"1 minute"},"schema":{"@context":"https:\/\/schema.org","@graph":[{"@type":"WebPage","@id":"https:\/\/www.restaurateur-papier.com\/restauration-arts-graphiques\/?page_id=1045","url":"https:\/\/www.restaurateur-papier.com\/restauration-arts-graphiques\/?page_id=1045","name":"Le Mus\u00e9e du Mont-de-Pi\u00e9t\u00e9 de Bergues - Papier d&#039;antan - Atelier de restauration d&#039;arts graphiques","isPartOf":{"@id":"https:\/\/www.restaurateur-papier.com\/restauration-arts-graphiques\/#website"},"datePublished":"2025-01-15T21:31:32+00:00","dateModified":"2025-01-15T21:31:37+00:00","breadcrumb":{"@id":"https:\/\/www.restaurateur-papier.com\/restauration-arts-graphiques\/?page_id=1045#breadcrumb"},"inLanguage":"fr-FR","potentialAction":[{"@type":"ReadAction","target":["https:\/\/www.restaurateur-papier.com\/restauration-arts-graphiques\/?page_id=1045"]}]},{"@type":"BreadcrumbList","@id":"https:\/\/www.restaurateur-papier.com\/restauration-arts-graphiques\/?page_id=1045#breadcrumb","itemListElement":[{"@type":"ListItem","position":1,"name":"Accueil","item":"https:\/\/www.restaurateur-papier.com\/restauration-arts-graphiques\/"},{"@type":"ListItem","position":2,"name":"Le Mus\u00e9e du Mont-de-Pi\u00e9t\u00e9 de Bergues"}]},{"@type":"WebSite","@id":"https:\/\/www.restaurateur-papier.com\/restauration-arts-graphiques\/#website","url":"https:\/\/www.restaurateur-papier.com\/restauration-arts-graphiques\/","name":"Papier d&#039;antan - Atelier de restauration d&#039;arts graphiques","description":"Conservation- Restauration de documents et \u0153uvres sur papier","publisher":{"@id":"https:\/\/www.restaurateur-papier.com\/restauration-arts-graphiques\/#organization"},"potentialAction":[{"@type":"SearchAction","target":{"@type":"EntryPoint","urlTemplate":"https:\/\/www.restaurateur-papier.com\/restauration-arts-graphiques\/?s={search_term_string}"},"query-input":{"@type":"PropertyValueSpecification","valueRequired":true,"valueName":"search_term_string"}}],"inLanguage":"fr-FR"},{"@type":"Organization","@id":"https:\/\/www.restaurateur-papier.com\/restauration-arts-graphiques\/#organization","name":"Papier d&#039;antan - Atelier de restauration d&#039;arts graphiques","url":"https:\/\/www.restaurateur-papier.com\/restauration-arts-graphiques\/","logo":{"@type":"ImageObject","inLanguage":"fr-FR","@id":"https:\/\/www.restaurateur-papier.com\/restauration-arts-graphiques\/#\/schema\/logo\/image\/","url":"https:\/\/i0.wp.com\/www.restaurateur-papier.com\/restauration-arts-graphiques\/wp-content\/uploads\/2019\/04\/logo-e1555059343651.png?fit=492%2C240&ssl=1","contentUrl":"https:\/\/i0.wp.com\/www.restaurateur-papier.com\/restauration-arts-graphiques\/wp-content\/uploads\/2019\/04\/logo-e1555059343651.png?fit=492%2C240&ssl=1","width":492,"height":240,"caption":"Papier d&#039;antan - Atelier de restauration d&#039;arts graphiques"},"image":{"@id":"https:\/\/www.restaurateur-papier.com\/restauration-arts-graphiques\/#\/schema\/logo\/image\/"}}]}},"jetpack_sharing_enabled":true,"_links":{"self":[{"href":"https:\/\/www.restaurateur-papier.com\/restauration-arts-graphiques\/index.php?rest_route=\/wp\/v2\/pages\/1045","targetHints":{"allow":["GET"]}}],"collection":[{"href":"https:\/\/www.restaurateur-papier.com\/restauration-arts-graphiques\/index.php?rest_route=\/wp\/v2\/pages"}],"about":[{"href":"https:\/\/www.restaurateur-papier.com\/restauration-arts-graphiques\/index.php?rest_route=\/wp\/v2\/types\/page"}],"author":[{"embeddable":true,"href":"https:\/\/www.restaurateur-papier.com\/restauration-arts-graphiques\/index.php?rest_route=\/wp\/v2\/users\/2"}],"replies":[{"embeddable":true,"href":"https:\/\/www.restaurateur-papier.com\/restauration-arts-graphiques\/index.php?rest_route=%2Fwp%2Fv2%2Fcomments&post=1045"}],"version-history":[{"count":1,"href":"https:\/\/www.restaurateur-papier.com\/restauration-arts-graphiques\/index.php?rest_route=\/wp\/v2\/pages\/1045\/revisions"}],"predecessor-version":[{"id":1046,"href":"https:\/\/www.restaurateur-papier.com\/restauration-arts-graphiques\/index.php?rest_route=\/wp\/v2\/pages\/1045\/revisions\/1046"}],"wp:attachment":[{"href":"https:\/\/www.restaurateur-papier.com\/restauration-arts-graphiques\/index.php?rest_route=%2Fwp%2Fv2%2Fmedia&parent=1045"}],"curies":[{"name":"wp","href":"https:\/\/api.w.org\/{rel}","templated":true}]}}